{"id":1865,"date":"2018-08-22T17:09:06","date_gmt":"2018-08-22T17:09:06","guid":{"rendered":"https:\/\/rzrwatches.com\/?page_id=1865"},"modified":"2019-09-18T19:57:22","modified_gmt":"2019-09-18T19:57:22","slug":"historia","status":"publish","type":"page","link":"https:\/\/rzrwatches.com\/es\/historia","title":{"rendered":"Historia"},"content":{"rendered":"<p><div class=\"fusion-bg-parallax\" data-bg-align=\"center top\" data-direction=\"down\" data-mute=\"false\" data-opacity=\"100\" data-velocity=\"-0.1\" data-mobile-enabled=\"false\" data-break_parents=\"0\" data-bg-image=\"http:\/\/rzrwatches.com\/wp-content\/uploads\/2018\/03\/Panorama-TIFF-mar-de-las-calmas.jpg\" data-bg-repeat=\"false\" ><\/div><div class=\"fusion-fullwidth fullwidth-box fusion-builder-row-1 fusion-parallax-down nonhundred-percent-fullwidth non-hundred-percent-height-scrolling\" style=\"--awb-background-position:center top;--awb-border-radius-top-left:0px;--awb-border-radius-top-right:0px;--awb-border-radius-bottom-right:0px;--awb-border-radius-bottom-left:0px;--awb-padding-top:20px;--awb-padding-bottom:20px;--awb-background-image:url(&quot;http:\/\/rzrwatches.com\/wp-content\/uploads\/2018\/03\/Panorama-TIFF-mar-de-las-calmas.jpg&quot;);--awb-background-size:cover;\" ><div class=\"fusion-builder-row fusion-row\"><div class=\"fusion-layout-column fusion_builder_column fusion-builder-column-0 fusion_builder_column_1_1 1_1 fusion-one-full fusion-column-first fusion-column-last\" style=\"--awb-bg-size:cover;\"><div class=\"fusion-column-wrapper fusion-flex-column-wrapper-legacy\"><div class=\"fusion-sep-clear\"><\/div><div class=\"fusion-separator fusion-no-small-visibility fusion-full-width-sep\" style=\"margin-left: auto;margin-right: auto;margin-top:280px;width:100%;\"><\/div><div class=\"fusion-sep-clear\"><\/div><div class=\"fusion-sep-clear\"><\/div><div class=\"fusion-separator fusion-no-medium-visibility fusion-no-large-visibility fusion-full-width-sep\" style=\"margin-left: auto;margin-right: auto;margin-top:40px;width:100%;\"><\/div><div class=\"fusion-sep-clear\"><\/div><div class=\"fusion-text fusion-text-1\"><h5 style=\"text-align: center;\"><span style=\"color: #ffffff;\">Legado e Impacto es el prop\u00f3sito de vida que hemos elegido.<\/span><br \/>\n<span style=\"color: #ffffff;\">Un viaje donde aprender, fabricar y disfrutar juntos.<\/span><\/h5>\n<\/div><div class=\"fusion-sep-clear\"><\/div><div class=\"fusion-separator fusion-full-width-sep\" style=\"margin-left: auto;margin-right: auto;margin-top:100px;width:100%;\"><\/div><div class=\"fusion-sep-clear\"><\/div><div class=\"fusion-text fusion-text-2\"><p style=\"text-align: center;\"><span style=\"color: #ffffff;\">Despl\u00e1zate hacia abajo para saber sobre:<\/span><br \/>\n<span style=\"color: #ffffff;\">RzR\u2014La Compa\u00f1\u00eda y Ricardo Zamora Rojas<\/span><\/p>\n<\/div><div class=\"fusion-fa-align-center\"><i class=\"fb-icon-element-1 fb-icon-element fontawesome-icon fa fa-angle-down circle-no\" style=\"--awb-font-size:30px;\"><\/i><\/div><div class=\"fusion-sep-clear\"><\/div><div class=\"fusion-separator fusion-no-small-visibility fusion-full-width-sep\" style=\"margin-left: auto;margin-right: auto;margin-top:250px;width:100%;\"><\/div><div class=\"fusion-sep-clear\"><\/div><div class=\"fusion-sep-clear\"><\/div><div class=\"fusion-separator fusion-no-medium-visibility fusion-no-large-visibility fusion-full-width-sep\" style=\"margin-left: auto;margin-right: auto;margin-top:50px;width:100%;\"><\/div><div class=\"fusion-sep-clear\"><\/div><div class=\"fusion-clearfix\"><\/div><\/div><\/div><\/div><\/div><div class=\"fusion-fullwidth fullwidth-box fusion-builder-row-2 nonhundred-percent-fullwidth non-hundred-percent-height-scrolling\" style=\"--awb-border-radius-top-left:0px;--awb-border-radius-top-right:0px;--awb-border-radius-bottom-right:0px;--awb-border-radius-bottom-left:0px;\" ><div class=\"fusion-builder-row fusion-row\"><div class=\"fusion-layout-column fusion_builder_column fusion-builder-column-1 fusion_builder_column_1_1 1_1 fusion-one-full fusion-column-first fusion-column-last\" style=\"--awb-bg-size:cover;\"><div class=\"fusion-column-wrapper fusion-flex-column-wrapper-legacy\"><div class=\"fusion-sep-clear\"><\/div><div class=\"fusion-separator fusion-full-width-sep\" style=\"margin-left: auto;margin-right: auto;margin-top:100px;width:100%;\"><\/div><div class=\"fusion-sep-clear\"><\/div><div class=\"fusion-title title fusion-title-1 fusion-title-center fusion-title-text fusion-title-size-six\"><div class=\"title-sep-container title-sep-container-left\"><div class=\"title-sep sep-single sep-solid\" style=\"border-color:#e0dede;\"><\/div><\/div><span class=\"awb-title-spacer\"><\/span><h6 class=\"title-heading-center fusion-responsive-typography-calculated\" style=\"margin:0;--fontSize:50;line-height:1;\">RzR \u2014 La Compa\u00f1\u00eda<\/h6><span class=\"awb-title-spacer\"><\/span><div class=\"title-sep-container title-sep-container-right\"><div class=\"title-sep sep-single sep-solid\" style=\"border-color:#e0dede;\"><\/div><\/div><\/div><div class=\"fusion-clearfix\"><\/div><\/div><\/div><\/div><\/div><div class=\"fusion-fullwidth fullwidth-box fusion-builder-row-3 nonhundred-percent-fullwidth non-hundred-percent-height-scrolling\" style=\"--awb-border-radius-top-left:0px;--awb-border-radius-top-right:0px;--awb-border-radius-bottom-right:0px;--awb-border-radius-bottom-left:0px;--awb-padding-bottom:20px;\" ><div class=\"fusion-builder-row fusion-row\"><div class=\"fusion-layout-column fusion_builder_column fusion-builder-column-2 fusion_builder_column_1_1 1_1 fusion-one-full fusion-column-first fusion-column-last\" style=\"--awb-bg-size:cover;--awb-margin-top:50px;\"><div class=\"fusion-column-wrapper fusion-flex-column-wrapper-legacy\"><div class=\"fusion-text fusion-text-3\"><h5>EL COMIENZO<\/h5>\n<p>En RzR, creemos que retarnos a nosotros mismos haciendo cosas que nunca nadie ha hecho antes es la \u00fanica manera de alcanzar la verdadera satisfacci\u00f3n y placer. Usando materiales de alta tecnolog\u00eda como la fibra de carbono, comunicando una historia real y proporcionando valor, consideramos que estamos creando un nuevo camino en el mundo de la relojer\u00eda.<\/p>\n<p>RzR es una compa\u00f1\u00eda de relojes con una manera genuina de hacer las cosas. Cada uno de los detalles debe tener una raz\u00f3n, y el prop\u00f3cito es siempre crear, innovar y mejoras conceptos originales para forjar nuestro propio estilo en la marca.<\/p>\n<p>Estamos centrados en las personas, las personas que les gusta como trabajamos y lo que hacemos. Al final, la \u00fanica manera de disfrutar el camino es comparti\u00e9ndolo con la gente que queremos. Por lo que, no podemos esperar para ver a la comunidad RzR creciendo junta.<\/p>\n<\/div><div class=\"fusion-sep-clear\"><\/div><div class=\"fusion-separator fusion-full-width-sep\" style=\"margin-left: auto;margin-right: auto;margin-top:30px;width:100%;\"><\/div><div class=\"fusion-sep-clear\"><\/div><div class=\"fusion-text fusion-text-4\"><p><img decoding=\"async\" class=\"aligncenter size-full wp-image-2314\" src=\"https:\/\/rzrwatches.com\/wp-content\/uploads\/2019\/09\/DSC_8506-1.jpg\" alt=\"\" width=\"1536\" height=\"768\" srcset=\"https:\/\/rzrwatches.com\/wp-content\/uploads\/2019\/09\/DSC_8506-1-200x100.jpg 200w, https:\/\/rzrwatches.com\/wp-content\/uploads\/2019\/09\/DSC_8506-1-300x150.jpg 300w, https:\/\/rzrwatches.com\/wp-content\/uploads\/2019\/09\/DSC_8506-1-400x200.jpg 400w, https:\/\/rzrwatches.com\/wp-content\/uploads\/2019\/09\/DSC_8506-1-500x250.jpg 500w, https:\/\/rzrwatches.com\/wp-content\/uploads\/2019\/09\/DSC_8506-1-600x300.jpg 600w, https:\/\/rzrwatches.com\/wp-content\/uploads\/2019\/09\/DSC_8506-1-768x384.jpg 768w, https:\/\/rzrwatches.com\/wp-content\/uploads\/2019\/09\/DSC_8506-1-800x400.jpg 800w, https:\/\/rzrwatches.com\/wp-content\/uploads\/2019\/09\/DSC_8506-1-1024x512.jpg 1024w, https:\/\/rzrwatches.com\/wp-content\/uploads\/2019\/09\/DSC_8506-1-1200x600.jpg 1200w, https:\/\/rzrwatches.com\/wp-content\/uploads\/2019\/09\/DSC_8506-1.jpg 1536w\" sizes=\"(max-width: 1536px) 100vw, 1536px\" \/><\/p>\n<\/div><div class=\"fusion-clearfix\"><\/div><\/div><\/div><\/div><\/div><div class=\"fusion-fullwidth fullwidth-box fusion-builder-row-4 fusion-parallax-none nonhundred-percent-fullwidth non-hundred-percent-height-scrolling\" style=\"--awb-background-position:center bottom;--awb-border-radius-top-left:0px;--awb-border-radius-top-right:0px;--awb-border-radius-bottom-right:0px;--awb-border-radius-bottom-left:0px;--awb-padding-top:0px;--awb-padding-bottom:20px;--awb-background-image:url(&quot;http:\/\/rzrwatches.com\/wp-content\/uploads\/2016\/12\/Gradient2.jpg&quot;);--awb-background-size:cover;\" ><div class=\"fusion-builder-row fusion-row\"><div class=\"fusion-layout-column fusion_builder_column fusion-builder-column-3 fusion_builder_column_1_1 1_1 fusion-one-full fusion-column-first fusion-column-last\" style=\"--awb-bg-size:cover;--awb-margin-top:100px;\"><div class=\"fusion-column-wrapper fusion-flex-column-wrapper-legacy\"><div class=\"fusion-text fusion-text-5\"><h5>EL FUTURO<\/h5>\n<p>Varios materiales, tecnolog\u00edas e historias est\u00e1n involucradas en el futuro de RzR. Hay una gran cantidad de conceptos que queremos ejecutar, pero solo los que m\u00e1s os gusten ser\u00e1n los seleccionados. Nuestra ambici\u00f3n es crear una peque\u00f1a colecci\u00f3n de relojes inspirados en diferentes ideas donde lo importante es despertar tu imaginaci\u00f3n y ver cuanto podemos calar en tu coraz\u00f3n.<\/p>\n<\/div><div class=\"fusion-sep-clear\"><\/div><div class=\"fusion-separator fusion-full-width-sep\" style=\"margin-left: auto;margin-right: auto;margin-top:60px;width:100%;\"><\/div><div class=\"fusion-sep-clear\"><\/div><div class=\"fusion-clearfix\"><\/div><\/div><\/div><\/div><\/div><div class=\"fusion-fullwidth fullwidth-box fusion-builder-row-5 nonhundred-percent-fullwidth non-hundred-percent-height-scrolling\" style=\"--awb-background-position:center bottom;--awb-border-radius-top-left:0px;--awb-border-radius-top-right:0px;--awb-border-radius-bottom-right:0px;--awb-border-radius-bottom-left:0px;--awb-padding-top:0px;--awb-padding-bottom:0px;\" ><div class=\"fusion-builder-row fusion-row\"><div class=\"fusion-layout-column fusion_builder_column fusion-builder-column-4 fusion_builder_column_1_1 1_1 fusion-one-full fusion-column-first fusion-column-last\" style=\"--awb-bg-size:cover;\"><div class=\"fusion-column-wrapper fusion-flex-column-wrapper-legacy\"><div class=\"fusion-sep-clear\"><\/div><div class=\"fusion-separator fusion-full-width-sep\" style=\"margin-left: auto;margin-right: auto;margin-top:100px;width:100%;\"><\/div><div class=\"fusion-sep-clear\"><\/div><div class=\"fusion-title title fusion-title-2 fusion-title-center fusion-title-text fusion-title-size-six\"><div class=\"title-sep-container title-sep-container-left\"><div class=\"title-sep sep-single sep-solid\" style=\"border-color:#e0dede;\"><\/div><\/div><span class=\"awb-title-spacer\"><\/span><h6 class=\"title-heading-center fusion-responsive-typography-calculated\" style=\"margin:0;--fontSize:50;line-height:1;\">Ricardo Zamora Rojas<\/h6><span class=\"awb-title-spacer\"><\/span><div class=\"title-sep-container title-sep-container-right\"><div class=\"title-sep sep-single sep-solid\" style=\"border-color:#e0dede;\"><\/div><\/div><\/div><div class=\"fusion-clearfix\"><\/div><\/div><\/div><\/div><\/div><div class=\"fusion-fullwidth fullwidth-box fusion-builder-row-6 nonhundred-percent-fullwidth non-hundred-percent-height-scrolling\" style=\"--awb-border-radius-top-left:0px;--awb-border-radius-top-right:0px;--awb-border-radius-bottom-right:0px;--awb-border-radius-bottom-left:0px;--awb-padding-top:0px;--awb-padding-bottom:20px;\" ><div class=\"fusion-builder-row fusion-row\"><div class=\"fusion-layout-column fusion_builder_column fusion-builder-column-5 fusion_builder_column_1_1 1_1 fusion-one-full fusion-column-first fusion-column-last\" style=\"--awb-padding-top:50px;--awb-bg-size:cover;\"><div class=\"fusion-column-wrapper fusion-flex-column-wrapper-legacy\"><div class=\"fusion-text fusion-text-6\"><h5>PARTE DE LA HISTORIA CONTADA POR MI MISMO<\/h5>\n<p>Todo comenz\u00f3 desde temprana edad a finales de los 90 cuando quer\u00eda ser inventor. Todo ten\u00eda sentido; Tendr\u00eda mi propio laboratorio y ser\u00eda como uno de esos inventores en las pel\u00edculas.<\/p>\n<p>Como adolescente siempre fui muy explorador y creativo, creo que debido a la educaci\u00f3n recibida. Una educaci\u00f3n conducida por un hermano joyero, una madre h\u00e1bil con las manualidades y un padre doctor. Esta mezcla de conocimientos y diferentes manera de ver el mundo me hicieron convertirme en un chico de mente abierta con un mont\u00f3n de proyectos y sue\u00f1os que lograr.<\/p>\n<p>A lo largo de los a\u00f1os fui tambi\u00e9n aprendiendo como usar todo tipo de maquinar\u00eda, permiti\u00e9ndome, desde saber como fabricar una peque\u00f1a pieza de joyer\u00eda hasta una estructura de acero para otros proyectos.\u00a0 Pero mi ambici\u00f3n exploradora fue m\u00e1s all\u00e1 cuando compr\u00e9 mi primer kit de fibra de carbono para fabricar piezas para mi moto. Desde entonces no he parado de usarla.<\/p>\n<p>Entre 2009 y 2013 estuve estudiando ingenier\u00eda mec\u00e1nica mientras usaba mi tiempo libre en mi taller fabricando todo tipo de artilugios. Piezas de fibra de carbono, un t\u00fanel de viento para un proyecto de aerodin\u00e1mica, una pit bike de supermotar con mi hermano y un mont\u00f3n de cosas m\u00e1s. Fundamentalmente, explorando porqu\u00e9, cu\u00e1ndo, c\u00f3mo y qu\u00e9 quer\u00eda hacer.<\/p>\n<p><em>\u00abLo que no sab\u00eda es que unos cuantos a\u00f1os m\u00e1s tarde iba a mezclar mi amor por objetos mec\u00e1nicos, dise\u00f1o y fibra de carbono para crear una compa\u00f1\u00eda de relojes\u00bb<\/em><\/p>\n<p>Finalmente, termin\u00e9 la universidad satisfactoriamente y comenc\u00e9 a trabajar para una compa\u00f1\u00eda como ingeniero en un proyecto con una patente fascinante. Pero despu\u00e9s de un tiempo, me di cuenta de que no quer\u00eda trabajar en las ideas de otra persona. Me estaba saliendo de mi trayectoria, lo que me hace feliz y quer\u00eda volver a mi camino. Por lo que vine a Inglaterra\u00a0 con mi mujer para poder adquirir m\u00e1s conocimientos y ver como se mueve el mundo fuera de las Islas Canarias (Espa\u00f1a) de donde soy.<\/p>\n<p>Londres se convirti\u00f3 en mi nuevo vecindario. Un lugar lleno de energ\u00eda donde comenc\u00e9 a dise\u00f1ar relojes mientras trabajaba en un lugar que me cambi\u00f3 la vida para siempre. El almac\u00e9n no fue divertido, pero trabajar diez horas al d\u00eda haciendo cosas que no requieren tu mente fue muy \u00fatil para empezar a pensar c\u00f3mo construir el mejor y m\u00e1s complejo proyecto que he hecho jam\u00e1s. Estaba de vuelta en el camino, lleno de fuerzas e incluso en una ciudad con toneladas de oportunidades.<\/p>\n<p>Desde entonces, me he centrado como un l\u00e1ser en crear la mejor compa\u00f1\u00eda de relojes posible. Una empresa que para m\u00ed requiere dos cosas cruciales. Un producto sorprendente y una relaci\u00f3n especial con el cliente.<\/p>\n<p>El resto de la historia es el presente, donde paso la mayor parte del tiempo trabajando en RzR, que es parte de mi vida, junto con mi familia y amigos.<\/p>\n<\/div><div class=\"fusion-clearfix\"><\/div><\/div><\/div><\/div><\/div><div class=\"fusion-fullwidth fullwidth-box fusion-builder-row-7 nonhundred-percent-fullwidth non-hundred-percent-height-scrolling fusion-equal-height-columns\" style=\"--awb-border-radius-top-left:0px;--awb-border-radius-top-right:0px;--awb-border-radius-bottom-right:0px;--awb-border-radius-bottom-left:0px;--awb-padding-top:0px;--awb-padding-bottom:20px;\" ><div class=\"fusion-builder-row fusion-row\"><div class=\"fusion-layout-column fusion_builder_column fusion-builder-column-6 fusion_builder_column_1_3 1_3 fusion-one-third fusion-column-first\" style=\"--awb-bg-size:cover;width:33.333333333333%;width:calc(33.333333333333% - ( ( 4% ) * 0.33333333333333 ) );margin-right: 4%;\"><div class=\"fusion-column-wrapper fusion-flex-column-wrapper-legacy\"><div class=\"fusion-column-content-centered\"><div class=\"fusion-column-content\"><div class=\"fusion-text fusion-text-7\"><p><img decoding=\"async\" class=\"size-full wp-image-1533 alignleft\" src=\"http:\/\/rzrwatches.com\/wp-content\/uploads\/2018\/03\/Sign_RzR_black.png\" alt=\"\" width=\"179\" height=\"106\" srcset=\"https:\/\/rzrwatches.com\/wp-content\/uploads\/2018\/03\/Sign_RzR_black-177x106.png 177w, https:\/\/rzrwatches.com\/wp-content\/uploads\/2018\/03\/Sign_RzR_black.png 179w\" sizes=\"(max-width: 179px) 100vw, 179px\" \/><\/p>\n<\/div><div class=\"fusion-sep-clear\"><\/div><div class=\"fusion-separator fusion-full-width-sep\" style=\"margin-left: auto;margin-right: auto;margin-top:6px;width:100%;\"><\/div><div class=\"fusion-sep-clear\"><\/div><div class=\"fusion-text fusion-text-8\"><p>Ricardo Zamora Rojas<\/p>\n<\/div><\/div><\/div><div class=\"fusion-clearfix\"><\/div><\/div><\/div><div class=\"fusion-layout-column fusion_builder_column fusion-builder-column-7 fusion_builder_column_2_3 2_3 fusion-two-third fusion-column-last\" style=\"--awb-bg-size:cover;width:66.666666666667%;width:calc(66.666666666667% - ( ( 4% ) * 0.66666666666667 ) );\"><div class=\"fusion-column-wrapper fusion-flex-column-wrapper-legacy\"><div class=\"fusion-column-content-centered\"><div class=\"fusion-column-content\"><div class=\"fusion-text fusion-text-9\"><h4 style=\"text-align: center;\">\u00abTrabaja o disfruta, no pierdas el tiempo\u00bb<\/h4>\n<\/div><\/div><\/div><div class=\"fusion-clearfix\"><\/div><\/div><\/div><\/div><\/div><div class=\"fusion-fullwidth fullwidth-box fusion-builder-row-8 nonhundred-percent-fullwidth non-hundred-percent-height-scrolling\" style=\"--awb-border-radius-top-left:0px;--awb-border-radius-top-right:0px;--awb-border-radius-bottom-right:0px;--awb-border-radius-bottom-left:0px;--awb-padding-top:0px;--awb-padding-bottom:20px;\" ><div class=\"fusion-builder-row fusion-row\"><div class=\"fusion-layout-column fusion_builder_column fusion-builder-column-8 fusion_builder_column_1_1 1_1 fusion-one-full fusion-column-first fusion-column-last\" style=\"--awb-padding-top:20px;--awb-bg-size:cover;\"><div class=\"fusion-column-wrapper fusion-flex-column-wrapper-legacy\"><div class=\"fusion-text fusion-text-10\"><p><img decoding=\"async\" class=\"aligncenter size-full wp-image-1513\" src=\"http:\/\/rzrwatches.com\/wp-content\/uploads\/2018\/03\/Ricardo_Zamora_Rojas.jpg\" alt=\"\" width=\"1624\" height=\"1080\" srcset=\"https:\/\/rzrwatches.com\/wp-content\/uploads\/2018\/03\/Ricardo_Zamora_Rojas-200x133.jpg 200w, https:\/\/rzrwatches.com\/wp-content\/uploads\/2018\/03\/Ricardo_Zamora_Rojas-300x200.jpg 300w, https:\/\/rzrwatches.com\/wp-content\/uploads\/2018\/03\/Ricardo_Zamora_Rojas-400x266.jpg 400w, https:\/\/rzrwatches.com\/wp-content\/uploads\/2018\/03\/Ricardo_Zamora_Rojas-600x399.jpg 600w, https:\/\/rzrwatches.com\/wp-content\/uploads\/2018\/03\/Ricardo_Zamora_Rojas-768x511.jpg 768w, https:\/\/rzrwatches.com\/wp-content\/uploads\/2018\/03\/Ricardo_Zamora_Rojas-800x532.jpg 800w, https:\/\/rzrwatches.com\/wp-content\/uploads\/2018\/03\/Ricardo_Zamora_Rojas-1024x681.jpg 1024w, https:\/\/rzrwatches.com\/wp-content\/uploads\/2018\/03\/Ricardo_Zamora_Rojas-1200x798.jpg 1200w, https:\/\/rzrwatches.com\/wp-content\/uploads\/2018\/03\/Ricardo_Zamora_Rojas.jpg 1624w\" sizes=\"(max-width: 1624px) 100vw, 1624px\" \/><\/p>\n<\/div><div class=\"fusion-clearfix\"><\/div><\/div><\/div><\/div><\/div><\/p>\n","protected":false},"excerpt":{"rendered":"","protected":false},"author":1,"featured_media":0,"parent":0,"menu_order":0,"comment_status":"closed","ping_status":"closed","template":"100-width.php","meta":{"_mi_skip_tracking":false},"yoast_head":"<!-- This site is optimized with the Yoast SEO plugin v20.5 - https:\/\/yoast.com\/wordpress\/plugins\/seo\/ -->\n<title>Historia - RzRWatches<\/title>\n<meta name=\"robots\" content=\"index, follow, max-snippet:-1, max-image-preview:large, max-video-preview:-1\" \/>\n<link rel=\"canonical\" href=\"https:\/\/rzrwatches.com\/es\/historia\" \/>\n<meta property=\"og:locale\" content=\"es_ES\" \/>\n<meta property=\"og:type\" content=\"article\" \/>\n<meta property=\"og:title\" content=\"Historia - RzRWatches\" \/>\n<meta property=\"og:url\" content=\"https:\/\/rzrwatches.com\/es\/historia\" \/>\n<meta property=\"og:site_name\" content=\"RzRWatches\" \/>\n<meta property=\"article:modified_time\" content=\"2019-09-18T19:57:22+00:00\" \/>\n<meta property=\"og:image\" content=\"https:\/\/rzrwatches.com\/wp-content\/uploads\/2019\/09\/DSC_8506-1.jpg\" \/>\n<meta name=\"twitter:card\" content=\"summary_large_image\" \/>\n<meta name=\"twitter:label1\" content=\"Tiempo de lectura\" \/>\n\t<meta name=\"twitter:data1\" content=\"14 minutos\" \/>\n<script type=\"application\/ld+json\" class=\"yoast-schema-graph\">{\"@context\":\"https:\/\/schema.org\",\"@graph\":[{\"@type\":\"WebPage\",\"@id\":\"https:\/\/rzrwatches.com\/es\/historia\",\"url\":\"https:\/\/rzrwatches.com\/es\/historia\",\"name\":\"Historia - RzRWatches\",\"isPartOf\":{\"@id\":\"https:\/\/rzrwatches.com\/#website\"},\"datePublished\":\"2018-08-22T17:09:06+00:00\",\"dateModified\":\"2019-09-18T19:57:22+00:00\",\"breadcrumb\":{\"@id\":\"https:\/\/rzrwatches.com\/es\/historia#breadcrumb\"},\"inLanguage\":\"es\",\"potentialAction\":[{\"@type\":\"ReadAction\",\"target\":[\"https:\/\/rzrwatches.com\/es\/historia\"]}]},{\"@type\":\"BreadcrumbList\",\"@id\":\"https:\/\/rzrwatches.com\/es\/historia#breadcrumb\",\"itemListElement\":[{\"@type\":\"ListItem\",\"position\":1,\"name\":\"Home\",\"item\":\"https:\/\/rzrwatches.com\/es\"},{\"@type\":\"ListItem\",\"position\":2,\"name\":\"Historia\"}]},{\"@type\":\"WebSite\",\"@id\":\"https:\/\/rzrwatches.com\/#website\",\"url\":\"https:\/\/rzrwatches.com\/\",\"name\":\"RzRWatches\",\"description\":\"Carbon fiber watches. A new way of expression.\",\"potentialAction\":[{\"@type\":\"SearchAction\",\"target\":{\"@type\":\"EntryPoint\",\"urlTemplate\":\"https:\/\/rzrwatches.com\/?s={search_term_string}\"},\"query-input\":\"required name=search_term_string\"}],\"inLanguage\":\"es\"}]}<\/script>\n<!-- \/ Yoast SEO plugin. -->","yoast_head_json":{"title":"Historia - RzRWatches","robots":{"index":"index","follow":"follow","max-snippet":"max-snippet:-1","max-image-preview":"max-image-preview:large","max-video-preview":"max-video-preview:-1"},"canonical":"https:\/\/rzrwatches.com\/es\/historia","og_locale":"es_ES","og_type":"article","og_title":"Historia - RzRWatches","og_url":"https:\/\/rzrwatches.com\/es\/historia","og_site_name":"RzRWatches","article_modified_time":"2019-09-18T19:57:22+00:00","og_image":[{"url":"https:\/\/rzrwatches.com\/wp-content\/uploads\/2019\/09\/DSC_8506-1.jpg"}],"twitter_card":"summary_large_image","twitter_misc":{"Tiempo de lectura":"14 minutos"},"schema":{"@context":"https:\/\/schema.org","@graph":[{"@type":"WebPage","@id":"https:\/\/rzrwatches.com\/es\/historia","url":"https:\/\/rzrwatches.com\/es\/historia","name":"Historia - RzRWatches","isPartOf":{"@id":"https:\/\/rzrwatches.com\/#website"},"datePublished":"2018-08-22T17:09:06+00:00","dateModified":"2019-09-18T19:57:22+00:00","breadcrumb":{"@id":"https:\/\/rzrwatches.com\/es\/historia#breadcrumb"},"inLanguage":"es","potentialAction":[{"@type":"ReadAction","target":["https:\/\/rzrwatches.com\/es\/historia"]}]},{"@type":"BreadcrumbList","@id":"https:\/\/rzrwatches.com\/es\/historia#breadcrumb","itemListElement":[{"@type":"ListItem","position":1,"name":"Home","item":"https:\/\/rzrwatches.com\/es"},{"@type":"ListItem","position":2,"name":"Historia"}]},{"@type":"WebSite","@id":"https:\/\/rzrwatches.com\/#website","url":"https:\/\/rzrwatches.com\/","name":"RzRWatches","description":"Carbon fiber watches. A new way of expression.","potentialAction":[{"@type":"SearchAction","target":{"@type":"EntryPoint","urlTemplate":"https:\/\/rzrwatches.com\/?s={search_term_string}"},"query-input":"required name=search_term_string"}],"inLanguage":"es"}]}},"_links":{"self":[{"href":"https:\/\/rzrwatches.com\/es\/wp-json\/wp\/v2\/pages\/1865"}],"collection":[{"href":"https:\/\/rzrwatches.com\/es\/wp-json\/wp\/v2\/pages"}],"about":[{"href":"https:\/\/rzrwatches.com\/es\/wp-json\/wp\/v2\/types\/page"}],"author":[{"embeddable":true,"href":"https:\/\/rzrwatches.com\/es\/wp-json\/wp\/v2\/users\/1"}],"replies":[{"embeddable":true,"href":"https:\/\/rzrwatches.com\/es\/wp-json\/wp\/v2\/comments?post=1865"}],"version-history":[{"count":10,"href":"https:\/\/rzrwatches.com\/es\/wp-json\/wp\/v2\/pages\/1865\/revisions"}],"predecessor-version":[{"id":2318,"href":"https:\/\/rzrwatches.com\/es\/wp-json\/wp\/v2\/pages\/1865\/revisions\/2318"}],"wp:attachment":[{"href":"https:\/\/rzrwatches.com\/es\/wp-json\/wp\/v2\/media?parent=1865"}],"curies":[{"name":"wp","href":"https:\/\/api.w.org\/{rel}","templated":true}]}}