{"id":2298,"date":"2018-03-13T13:23:22","date_gmt":"2018-03-13T13:23:22","guid":{"rendered":"https:\/\/rzrwatches.com\/?page_id=2298"},"modified":"2019-11-01T09:47:49","modified_gmt":"2019-11-01T09:47:49","slug":"subscription","status":"publish","type":"page","link":"https:\/\/rzrwatches.com\/es\/subscription","title":{"rendered":"Subscription"},"content":{"rendered":"<div class=\"fusion-fullwidth fullwidth-box fusion-builder-row-1 nonhundred-percent-fullwidth non-hundred-percent-height-scrolling\" style=\"--awb-border-radius-top-left:0px;--awb-border-radius-top-right:0px;--awb-border-radius-bottom-right:0px;--awb-border-radius-bottom-left:0px;--awb-padding-top:20px;--awb-padding-bottom:20px;--awb-background-color:#000000;\" ><div class=\"fusion-builder-row fusion-row\"><div class=\"fusion-layout-column fusion_builder_column fusion-builder-column-0 fusion_builder_column_1_1 1_1 fusion-one-full fusion-column-first fusion-column-last\" style=\"--awb-bg-size:cover;\"><div class=\"fusion-column-wrapper fusion-column-has-shadow fusion-flex-column-wrapper-legacy\"><div class=\"fusion-sep-clear\"><\/div><div class=\"fusion-separator fusion-no-small-visibility fusion-full-width-sep\" style=\"margin-left: auto;margin-right: auto;margin-top:160px;width:100%;\"><\/div><div class=\"fusion-sep-clear\"><\/div><div class=\"fusion-title title fusion-title-1 fusion-sep-none fusion-title-center fusion-title-text fusion-title-size-three\"><h3 class=\"title-heading-center fusion-responsive-typography-calculated\" style=\"margin:0;--fontSize:40;line-height:1;\"><p style=\"text-align: center;\"><span style=\"color: #f6f6f6;\">Reg\u00edstrese a continuaci\u00f3n para recibir una notificaci\u00f3n para el lanzamiento en <img decoding=\"async\" class=\"size-400 wp-image-2308 align:center\" src=\"https:\/\/rzrwatches.com\/wp-content\/uploads\/2019\/09\/tq0sfld-kickstarter-logo-green-400x43.png\" alt=\"\" width=\"400\" height=\"43\" srcset=\"https:\/\/rzrwatches.com\/wp-content\/uploads\/2019\/09\/tq0sfld-kickstarter-logo-green-200x21.png 200w, https:\/\/rzrwatches.com\/wp-content\/uploads\/2019\/09\/tq0sfld-kickstarter-logo-green-300x32.png 300w, https:\/\/rzrwatches.com\/wp-content\/uploads\/2019\/09\/tq0sfld-kickstarter-logo-green-400x43.png 400w, https:\/\/rzrwatches.com\/wp-content\/uploads\/2019\/09\/tq0sfld-kickstarter-logo-green-500x53.png 500w, https:\/\/rzrwatches.com\/wp-content\/uploads\/2019\/09\/tq0sfld-kickstarter-logo-green-600x64.png 600w, https:\/\/rzrwatches.com\/wp-content\/uploads\/2019\/09\/tq0sfld-kickstarter-logo-green-768x82.png 768w, https:\/\/rzrwatches.com\/wp-content\/uploads\/2019\/09\/tq0sfld-kickstarter-logo-green-800x85.png 800w, https:\/\/rzrwatches.com\/wp-content\/uploads\/2019\/09\/tq0sfld-kickstarter-logo-green-940x102.png 940w, https:\/\/rzrwatches.com\/wp-content\/uploads\/2019\/09\/tq0sfld-kickstarter-logo-green.png 960w\" sizes=\"(max-width: 400px) 100vw, 400px\" \/> en menos de una semana (Martes 5 de noviembre de 2019 a las 17:00 UTC + 0)<\/span><\/p><\/h3><\/div><div class=\"fusion-text fusion-text-1\"><h4 style=\"text-align: center;\"><span style=\"color: #f6f6f6;\">Las primeras personas en pedir el reloj obtendr\u00e1n un <strong>descuento<\/strong> incre\u00edble por el apoyo, as\u00ed que no pierdas esta oportunidad.<\/span><\/h4>\n<\/div><div class=\"fusion-text fusion-text-2\"><p><img decoding=\"async\" class=\"aligncenter size-full wp-image-2366\" src=\"https:\/\/rzrwatches.com\/wp-content\/uploads\/2019\/10\/DSC_9248-facebook-1.jpg\" alt=\"\" width=\"1920\" height=\"827\" srcset=\"https:\/\/rzrwatches.com\/wp-content\/uploads\/2019\/10\/DSC_9248-facebook-1-200x86.jpg 200w, https:\/\/rzrwatches.com\/wp-content\/uploads\/2019\/10\/DSC_9248-facebook-1-300x129.jpg 300w, https:\/\/rzrwatches.com\/wp-content\/uploads\/2019\/10\/DSC_9248-facebook-1-400x172.jpg 400w, https:\/\/rzrwatches.com\/wp-content\/uploads\/2019\/10\/DSC_9248-facebook-1-500x215.jpg 500w, https:\/\/rzrwatches.com\/wp-content\/uploads\/2019\/10\/DSC_9248-facebook-1-600x258.jpg 600w, https:\/\/rzrwatches.com\/wp-content\/uploads\/2019\/10\/DSC_9248-facebook-1-768x331.jpg 768w, https:\/\/rzrwatches.com\/wp-content\/uploads\/2019\/10\/DSC_9248-facebook-1-800x345.jpg 800w, https:\/\/rzrwatches.com\/wp-content\/uploads\/2019\/10\/DSC_9248-facebook-1-1024x441.jpg 1024w, https:\/\/rzrwatches.com\/wp-content\/uploads\/2019\/10\/DSC_9248-facebook-1-1200x517.jpg 1200w, https:\/\/rzrwatches.com\/wp-content\/uploads\/2019\/10\/DSC_9248-facebook-1.jpg 1920w\" sizes=\"(max-width: 1920px) 100vw, 1920px\" \/><\/p>\n<\/div><div class=\"fusion-text fusion-text-3\"><p><img decoding=\"async\" class=\"aligncenter size-full wp-image-2480\" src=\"https:\/\/rzrwatches.com\/wp-content\/uploads\/2019\/11\/6-days-and-explanation-espanol.jpg\" alt=\"\" width=\"1920\" height=\"1920\" srcset=\"https:\/\/rzrwatches.com\/wp-content\/uploads\/2019\/11\/6-days-and-explanation-espanol-66x66.jpg 66w, https:\/\/rzrwatches.com\/wp-content\/uploads\/2019\/11\/6-days-and-explanation-espanol-100x100.jpg 100w, https:\/\/rzrwatches.com\/wp-content\/uploads\/2019\/11\/6-days-and-explanation-espanol-150x150.jpg 150w, https:\/\/rzrwatches.com\/wp-content\/uploads\/2019\/11\/6-days-and-explanation-espanol-200x200.jpg 200w, https:\/\/rzrwatches.com\/wp-content\/uploads\/2019\/11\/6-days-and-explanation-espanol-300x300.jpg 300w, https:\/\/rzrwatches.com\/wp-content\/uploads\/2019\/11\/6-days-and-explanation-espanol-400x400.jpg 400w, https:\/\/rzrwatches.com\/wp-content\/uploads\/2019\/11\/6-days-and-explanation-espanol-500x500.jpg 500w, https:\/\/rzrwatches.com\/wp-content\/uploads\/2019\/11\/6-days-and-explanation-espanol-600x600.jpg 600w, https:\/\/rzrwatches.com\/wp-content\/uploads\/2019\/11\/6-days-and-explanation-espanol-768x768.jpg 768w, https:\/\/rzrwatches.com\/wp-content\/uploads\/2019\/11\/6-days-and-explanation-espanol-800x800.jpg 800w, https:\/\/rzrwatches.com\/wp-content\/uploads\/2019\/11\/6-days-and-explanation-espanol-1024x1024.jpg 1024w, https:\/\/rzrwatches.com\/wp-content\/uploads\/2019\/11\/6-days-and-explanation-espanol-1200x1200.jpg 1200w, https:\/\/rzrwatches.com\/wp-content\/uploads\/2019\/11\/6-days-and-explanation-espanol.jpg 1920w\" sizes=\"(max-width: 1920px) 100vw, 1920px\" \/><\/p>\n<\/div><div class=\"fusion-clearfix\"><\/div><\/div><\/div><div class=\"fusion-layout-column fusion_builder_column fusion-builder-column-1 fusion_builder_column_1_5 1_5 fusion-one-fifth fusion-column-first\" style=\"--awb-bg-size:cover;width:20%;width:calc(20% - ( ( 4% + 4% ) * 0.2 ) );margin-right: 4%;\"><div class=\"fusion-column-wrapper fusion-flex-column-wrapper-legacy\"><div class=\"fusion-clearfix\"><\/div><\/div><\/div><div class=\"fusion-layout-column fusion_builder_column fusion-builder-column-2 fusion_builder_column_3_5 3_5 fusion-three-fifth\" style=\"--awb-bg-size:cover;width:60%;width:calc(60% - ( ( 4% + 4% ) * 0.6 ) );margin-right: 4%;\"><div class=\"fusion-column-wrapper fusion-flex-column-wrapper-legacy\"><!-- Begin Mailchimp Signup Form -->\n<link href=\"\/\/cdn-images.mailchimp.com\/embedcode\/classic-10_7.css\" rel=\"stylesheet\" type=\"text\/css\">\n<style type=\"text\/css\">\n\t#mc_embed_signup{background:#fff; clear:left; font:14px Helvetica,Arial,sans-serif; }\n\t\/* Add your own Mailchimp form style overrides in your site stylesheet or in this style block.\n\t   We recommend moving this block and the preceding CSS link to the HEAD of your HTML file. *\/\n<\/style>\n<div id=\"mc_embed_signup\">\n<form action=\"https:\/\/rzrwatches.us12.list-manage.com\/subscribe\/post?u=0df6ceeac2ab5268afe81d03a&id=27668a01c4\" method=\"post\" id=\"mc-embedded-subscribe-form\" name=\"mc-embedded-subscribe-form\" class=\"validate\" target=\"_blank\" novalidate>\n    <div id=\"mc_embed_signup_scroll\">\n<div class=\"indicates-required\"><span class=\"asterisk\">*<\/span> indicates required<\/div>\n<div class=\"mc-field-group\">\n\t\t\t\t\t\t\t\t\t\t\t\t\t\t\t\t\t\t \n\t\t\n\t\t\t\t\t\t\t\t\t\t\t\t\t\t\t\t\t\t  \n\t  \n\t\t\t\t\t\t\t\n\t<label for=\"mce-EMAIL\">Where can we email you?  <span class=\"asterisk\">*<\/span>\n<\/label>\n\t<input type=\"email\" value=\"\" name=\"EMAIL\" class=\"required email\" id=\"mce-EMAIL\">\n<\/div>\n<p>\n<i>\nThe next information is not required, we just want to put a face to the people that like what we do. \n<\/i>\n<\/p>\n<div class=\"mc-field-group\">\n\t<label for=\"mce-FNAME\">What's you name?  <\/label>\n\t<input type=\"text\" value=\"\" name=\"FNAME\" class=\"\" id=\"mce-FNAME\">\n<\/div>\n<div class=\"mc-field-group\">\n\t<label for=\"mce-MMERGE2\">What's your name on Instagram? <\/label>\n\t<input type=\"text\" value=\"\" name=\"MMERGE2\" class=\"\" id=\"mce-MMERGE2\">\n<\/div>\n\t<div id=\"mce-responses\" class=\"clear\">\n\t\t<div class=\"response\" id=\"mce-error-response\" style=\"display:none\"><\/div>\n\t\t<div class=\"response\" id=\"mce-success-response\" style=\"display:none\"><\/div>\n\t<\/div>    <!-- real people should not fill this in and expect good things - do not remove this or risk form bot signups-->\n    <div style=\"position: absolute; left: -5000px;\" aria-hidden=\"true\"><input type=\"text\" name=\"b_0df6ceeac2ab5268afe81d03a_27668a01c4\" tabindex=\"-1\" value=\"\"><\/div>\n    <div class=\"clear\"><input type=\"submit\" value=\"Join the community\" name=\"subscribe\" id=\"mc-embedded-subscribe\" class=\"button\"><\/div>\n    <\/div>\n<\/form>\n<\/div>\n\n<!--End mc_embed_signup--><div class=\"fusion-sep-clear\"><\/div><div class=\"fusion-separator fusion-full-width-sep\" style=\"margin-left: auto;margin-right: auto;margin-top:8px;width:100%;\"><\/div><div class=\"fusion-sep-clear\"><\/div><div class=\"fusion-text fusion-text-4\"><p style=\"text-align: center;\"><span style=\"color: #ffffff;\">Al completar este formulario, obtendr\u00e1 SOLAMENTE informaci\u00f3n importante como el lanzamiento de nuevos modelos.<\/span><\/p>\n<\/div><div class=\"fusion-clearfix\"><\/div><\/div><\/div><div class=\"fusion-layout-column fusion_builder_column fusion-builder-column-3 fusion_builder_column_1_5 1_5 fusion-one-fifth fusion-column-last\" style=\"--awb-bg-size:cover;width:20%;width:calc(20% - ( ( 4% + 4% ) * 0.2 ) );\"><div class=\"fusion-column-wrapper fusion-flex-column-wrapper-legacy\"><div class=\"fusion-clearfix\"><\/div><\/div><\/div><\/div><\/div>\n","protected":false},"excerpt":{"rendered":"","protected":false},"author":1,"featured_media":0,"parent":0,"menu_order":0,"comment_status":"closed","ping_status":"closed","template":"100-width.php","meta":{"_mi_skip_tracking":false},"yoast_head":"<!-- This site is optimized with the Yoast SEO plugin v20.5 - https:\/\/yoast.com\/wordpress\/plugins\/seo\/ -->\n<title>Subscription - RzRWatches<\/title>\n<meta name=\"robots\" content=\"index, follow, max-snippet:-1, max-image-preview:large, max-video-preview:-1\" \/>\n<link rel=\"canonical\" href=\"https:\/\/rzrwatches.com\/es\/subscription\" \/>\n<meta property=\"og:locale\" content=\"es_ES\" \/>\n<meta property=\"og:type\" content=\"article\" \/>\n<meta property=\"og:title\" content=\"Subscription - RzRWatches\" \/>\n<meta property=\"og:url\" content=\"https:\/\/rzrwatches.com\/es\/subscription\" \/>\n<meta property=\"og:site_name\" content=\"RzRWatches\" \/>\n<meta property=\"article:modified_time\" content=\"2019-11-01T09:47:49+00:00\" \/>\n<meta property=\"og:image\" content=\"https:\/\/rzrwatches.com\/wp-content\/uploads\/2019\/09\/tq0sfld-kickstarter-logo-green-400x43.png\" \/>\n<meta name=\"twitter:card\" content=\"summary_large_image\" \/>\n<meta name=\"twitter:label1\" content=\"Tiempo de lectura\" \/>\n\t<meta name=\"twitter:data1\" content=\"5 minutos\" \/>\n<script type=\"application\/ld+json\" class=\"yoast-schema-graph\">{\"@context\":\"https:\/\/schema.org\",\"@graph\":[{\"@type\":\"WebPage\",\"@id\":\"https:\/\/rzrwatches.com\/es\/subscription\",\"url\":\"https:\/\/rzrwatches.com\/es\/subscription\",\"name\":\"Subscription - RzRWatches\",\"isPartOf\":{\"@id\":\"https:\/\/rzrwatches.com\/#website\"},\"datePublished\":\"2018-03-13T13:23:22+00:00\",\"dateModified\":\"2019-11-01T09:47:49+00:00\",\"breadcrumb\":{\"@id\":\"https:\/\/rzrwatches.com\/es\/subscription#breadcrumb\"},\"inLanguage\":\"es\",\"potentialAction\":[{\"@type\":\"ReadAction\",\"target\":[\"https:\/\/rzrwatches.com\/es\/subscription\"]}]},{\"@type\":\"BreadcrumbList\",\"@id\":\"https:\/\/rzrwatches.com\/es\/subscription#breadcrumb\",\"itemListElement\":[{\"@type\":\"ListItem\",\"position\":1,\"name\":\"Home\",\"item\":\"https:\/\/rzrwatches.com\/es\"},{\"@type\":\"ListItem\",\"position\":2,\"name\":\"Subscription\"}]},{\"@type\":\"WebSite\",\"@id\":\"https:\/\/rzrwatches.com\/#website\",\"url\":\"https:\/\/rzrwatches.com\/\",\"name\":\"RzRWatches\",\"description\":\"Carbon fiber watches. A new way of expression.\",\"potentialAction\":[{\"@type\":\"SearchAction\",\"target\":{\"@type\":\"EntryPoint\",\"urlTemplate\":\"https:\/\/rzrwatches.com\/?s={search_term_string}\"},\"query-input\":\"required name=search_term_string\"}],\"inLanguage\":\"es\"}]}<\/script>\n<!-- \/ Yoast SEO plugin. -->","yoast_head_json":{"title":"Subscription - RzRWatches","robots":{"index":"index","follow":"follow","max-snippet":"max-snippet:-1","max-image-preview":"max-image-preview:large","max-video-preview":"max-video-preview:-1"},"canonical":"https:\/\/rzrwatches.com\/es\/subscription","og_locale":"es_ES","og_type":"article","og_title":"Subscription - RzRWatches","og_url":"https:\/\/rzrwatches.com\/es\/subscription","og_site_name":"RzRWatches","article_modified_time":"2019-11-01T09:47:49+00:00","og_image":[{"url":"https:\/\/rzrwatches.com\/wp-content\/uploads\/2019\/09\/tq0sfld-kickstarter-logo-green-400x43.png"}],"twitter_card":"summary_large_image","twitter_misc":{"Tiempo de lectura":"5 minutos"},"schema":{"@context":"https:\/\/schema.org","@graph":[{"@type":"WebPage","@id":"https:\/\/rzrwatches.com\/es\/subscription","url":"https:\/\/rzrwatches.com\/es\/subscription","name":"Subscription - RzRWatches","isPartOf":{"@id":"https:\/\/rzrwatches.com\/#website"},"datePublished":"2018-03-13T13:23:22+00:00","dateModified":"2019-11-01T09:47:49+00:00","breadcrumb":{"@id":"https:\/\/rzrwatches.com\/es\/subscription#breadcrumb"},"inLanguage":"es","potentialAction":[{"@type":"ReadAction","target":["https:\/\/rzrwatches.com\/es\/subscription"]}]},{"@type":"BreadcrumbList","@id":"https:\/\/rzrwatches.com\/es\/subscription#breadcrumb","itemListElement":[{"@type":"ListItem","position":1,"name":"Home","item":"https:\/\/rzrwatches.com\/es"},{"@type":"ListItem","position":2,"name":"Subscription"}]},{"@type":"WebSite","@id":"https:\/\/rzrwatches.com\/#website","url":"https:\/\/rzrwatches.com\/","name":"RzRWatches","description":"Carbon fiber watches. A new way of expression.","potentialAction":[{"@type":"SearchAction","target":{"@type":"EntryPoint","urlTemplate":"https:\/\/rzrwatches.com\/?s={search_term_string}"},"query-input":"required name=search_term_string"}],"inLanguage":"es"}]}},"_links":{"self":[{"href":"https:\/\/rzrwatches.com\/es\/wp-json\/wp\/v2\/pages\/2298"}],"collection":[{"href":"https:\/\/rzrwatches.com\/es\/wp-json\/wp\/v2\/pages"}],"about":[{"href":"https:\/\/rzrwatches.com\/es\/wp-json\/wp\/v2\/types\/page"}],"author":[{"embeddable":true,"href":"https:\/\/rzrwatches.com\/es\/wp-json\/wp\/v2\/users\/1"}],"replies":[{"embeddable":true,"href":"https:\/\/rzrwatches.com\/es\/wp-json\/wp\/v2\/comments?post=2298"}],"version-history":[{"count":6,"href":"https:\/\/rzrwatches.com\/es\/wp-json\/wp\/v2\/pages\/2298\/revisions"}],"predecessor-version":[{"id":2483,"href":"https:\/\/rzrwatches.com\/es\/wp-json\/wp\/v2\/pages\/2298\/revisions\/2483"}],"wp:attachment":[{"href":"https:\/\/rzrwatches.com\/es\/wp-json\/wp\/v2\/media?parent=2298"}],"curies":[{"name":"wp","href":"https:\/\/api.w.org\/{rel}","templated":true}]}}