{"id":443,"date":"2016-12-07T19:44:16","date_gmt":"2016-12-07T19:44:16","guid":{"rendered":"http:\/\/rzrwatches.com\/?page_id=443"},"modified":"2017-01-10T20:59:54","modified_gmt":"2017-01-10T20:59:54","slug":"rzr-la-compania","status":"publish","type":"page","link":"https:\/\/rzrwatches.com\/es\/rzr-la-compania","title":{"rendered":"RzR &#8211; La compa\u00f1ia"},"content":{"rendered":"<p><div class=\"fusion-bg-parallax\" data-bg-align=\"center bottom\" data-direction=\"down\" data-mute=\"false\" data-opacity=\"100\" data-velocity=\"-0.4\" data-mobile-enabled=\"false\" data-break_parents=\"0\" data-bg-image=\"http:\/\/rzrwatches.com\/wp-content\/uploads\/2016\/12\/DSC_0323-2-1805x1200.jpg\" data-bg-repeat=\"false\" ><\/div><div class=\"fusion-fullwidth fullwidth-box fusion-builder-row-1 fusion-parallax-down nonhundred-percent-fullwidth non-hundred-percent-height-scrolling\" style=\"--awb-background-position:center bottom;--awb-border-radius-top-left:0px;--awb-border-radius-top-right:0px;--awb-border-radius-bottom-right:0px;--awb-border-radius-bottom-left:0px;--awb-padding-top:0px;--awb-padding-bottom:0px;--awb-background-image:url(&quot;http:\/\/rzrwatches.com\/wp-content\/uploads\/2016\/12\/DSC_0323-2-1805x1200.jpg&quot;);--awb-background-size:cover;\" ><div class=\"fusion-builder-row fusion-row\"><div class=\"fusion-layout-column fusion_builder_column fusion-builder-column-0 fusion_builder_column_1_1 1_1 fusion-one-full fusion-column-first fusion-column-last\" style=\"--awb-bg-size:cover;\"><div class=\"fusion-column-wrapper fusion-flex-column-wrapper-legacy\"><div class=\"fusion-sep-clear\"><\/div><div class=\"fusion-separator fusion-no-small-visibility fusion-full-width-sep\" style=\"margin-left: auto;margin-right: auto;margin-top:22%;width:100%;\"><\/div><div class=\"fusion-sep-clear\"><\/div><div class=\"fusion-text fusion-text-1\"><h2 style=\"text-align: center;\">RzR &#8211;<strong>\u00a0LA COMPA\u00d1\u00cdA<\/strong><\/h2>\n<p>&nbsp;<\/p>\n<\/div><div class=\"fusion-sep-clear\"><\/div><div class=\"fusion-separator fusion-no-small-visibility fusion-full-width-sep\" style=\"margin-left: auto;margin-right: auto;margin-top:36%;width:100%;\"><\/div><div class=\"fusion-sep-clear\"><\/div><div class=\"fusion-clearfix\"><\/div><\/div><\/div><\/div><\/div><div class=\"fusion-fullwidth fullwidth-box fusion-builder-row-2 nonhundred-percent-fullwidth non-hundred-percent-height-scrolling\" style=\"--awb-border-radius-top-left:0px;--awb-border-radius-top-right:0px;--awb-border-radius-bottom-right:0px;--awb-border-radius-bottom-left:0px;--awb-padding-top:20px;--awb-padding-bottom:20px;\" ><div class=\"fusion-builder-row fusion-row\"><div class=\"fusion-layout-column fusion_builder_column fusion-builder-column-1 fusion_builder_column_1_1 1_1 fusion-one-full fusion-column-first fusion-column-last\" style=\"--awb-bg-size:cover;\"><div class=\"fusion-column-wrapper fusion-flex-column-wrapper-legacy\"><div class=\"fusion-text fusion-text-2\"><p>En RzR, creemos que retarnos a nosotros mismo haciendo cosas que nunca nadie ha hecho antes es la \u00fanica manera de alcanzar verdadera satisfacci\u00f3n y placer. Usando materiales de alta tecnolog\u00eda como la fibra de carbono y contando una historia real, hemos creado una nueva forma de expresi\u00f3n. Un reloj \u00fanico que nos une a todos bajo la misma pasi\u00f3n.<\/p>\n<p>RzR es una compa\u00f1\u00eda de relojes con una manera genuina de hacer las cosas. Cada uno de los detalles debe tener una raz\u00f3n, y el prop\u00f3cito es siempre crear, innovar y mejoras conceptos originales para forjar nuestro propio estilo en la marca.<\/p>\n<p>Estamos enfocados en la gente, la gente que le gusta como trabajamos retando el mundo hasta el l\u00edmite para crear el mejor reloj de fibra de carbono. De la misma manera que nos comunicamos con palabras o la manera de vestir, en RzR hemos encontrado una nueva forma de expresi\u00f3n para gente como nosotros.<\/p>\n<\/div><div class=\"fusion-clearfix\"><\/div><\/div><\/div><\/div><\/div><\/p>\n","protected":false},"excerpt":{"rendered":"","protected":false},"author":1,"featured_media":0,"parent":0,"menu_order":0,"comment_status":"closed","ping_status":"closed","template":"100-width.php","meta":{"_mi_skip_tracking":false},"yoast_head":"<!-- This site is optimized with the Yoast SEO plugin v20.5 - https:\/\/yoast.com\/wordpress\/plugins\/seo\/ -->\n<title>RzR - La compa\u00f1ia - RzRWatches<\/title>\n<meta name=\"robots\" content=\"index, follow, max-snippet:-1, max-image-preview:large, max-video-preview:-1\" \/>\n<link rel=\"canonical\" href=\"https:\/\/rzrwatches.com\/es\/rzr-la-compania\" \/>\n<meta property=\"og:locale\" content=\"es_ES\" \/>\n<meta property=\"og:type\" content=\"article\" \/>\n<meta property=\"og:title\" content=\"RzR - La compa\u00f1ia - RzRWatches\" \/>\n<meta property=\"og:url\" content=\"https:\/\/rzrwatches.com\/es\/rzr-la-compania\" \/>\n<meta property=\"og:site_name\" content=\"RzRWatches\" \/>\n<meta property=\"article:modified_time\" content=\"2017-01-10T20:59:54+00:00\" \/>\n<meta name=\"twitter:card\" content=\"summary_large_image\" \/>\n<meta name=\"twitter:label1\" content=\"Tiempo de lectura\" \/>\n\t<meta name=\"twitter:data1\" content=\"2 minutos\" \/>\n<script type=\"application\/ld+json\" class=\"yoast-schema-graph\">{\"@context\":\"https:\/\/schema.org\",\"@graph\":[{\"@type\":\"WebPage\",\"@id\":\"https:\/\/rzrwatches.com\/es\/rzr-la-compania\",\"url\":\"https:\/\/rzrwatches.com\/es\/rzr-la-compania\",\"name\":\"RzR - La compa\u00f1ia - RzRWatches\",\"isPartOf\":{\"@id\":\"https:\/\/rzrwatches.com\/#website\"},\"datePublished\":\"2016-12-07T19:44:16+00:00\",\"dateModified\":\"2017-01-10T20:59:54+00:00\",\"breadcrumb\":{\"@id\":\"https:\/\/rzrwatches.com\/es\/rzr-la-compania#breadcrumb\"},\"inLanguage\":\"es\",\"potentialAction\":[{\"@type\":\"ReadAction\",\"target\":[\"https:\/\/rzrwatches.com\/es\/rzr-la-compania\"]}]},{\"@type\":\"BreadcrumbList\",\"@id\":\"https:\/\/rzrwatches.com\/es\/rzr-la-compania#breadcrumb\",\"itemListElement\":[{\"@type\":\"ListItem\",\"position\":1,\"name\":\"Home\",\"item\":\"https:\/\/rzrwatches.com\/es\"},{\"@type\":\"ListItem\",\"position\":2,\"name\":\"RzR &#8211; La compa\u00f1ia\"}]},{\"@type\":\"WebSite\",\"@id\":\"https:\/\/rzrwatches.com\/#website\",\"url\":\"https:\/\/rzrwatches.com\/\",\"name\":\"RzRWatches\",\"description\":\"Carbon fiber watches. A new way of expression.\",\"potentialAction\":[{\"@type\":\"SearchAction\",\"target\":{\"@type\":\"EntryPoint\",\"urlTemplate\":\"https:\/\/rzrwatches.com\/?s={search_term_string}\"},\"query-input\":\"required name=search_term_string\"}],\"inLanguage\":\"es\"}]}<\/script>\n<!-- \/ Yoast SEO plugin. -->","yoast_head_json":{"title":"RzR - La compa\u00f1ia - RzRWatches","robots":{"index":"index","follow":"follow","max-snippet":"max-snippet:-1","max-image-preview":"max-image-preview:large","max-video-preview":"max-video-preview:-1"},"canonical":"https:\/\/rzrwatches.com\/es\/rzr-la-compania","og_locale":"es_ES","og_type":"article","og_title":"RzR - La compa\u00f1ia - RzRWatches","og_url":"https:\/\/rzrwatches.com\/es\/rzr-la-compania","og_site_name":"RzRWatches","article_modified_time":"2017-01-10T20:59:54+00:00","twitter_card":"summary_large_image","twitter_misc":{"Tiempo de lectura":"2 minutos"},"schema":{"@context":"https:\/\/schema.org","@graph":[{"@type":"WebPage","@id":"https:\/\/rzrwatches.com\/es\/rzr-la-compania","url":"https:\/\/rzrwatches.com\/es\/rzr-la-compania","name":"RzR - La compa\u00f1ia - RzRWatches","isPartOf":{"@id":"https:\/\/rzrwatches.com\/#website"},"datePublished":"2016-12-07T19:44:16+00:00","dateModified":"2017-01-10T20:59:54+00:00","breadcrumb":{"@id":"https:\/\/rzrwatches.com\/es\/rzr-la-compania#breadcrumb"},"inLanguage":"es","potentialAction":[{"@type":"ReadAction","target":["https:\/\/rzrwatches.com\/es\/rzr-la-compania"]}]},{"@type":"BreadcrumbList","@id":"https:\/\/rzrwatches.com\/es\/rzr-la-compania#breadcrumb","itemListElement":[{"@type":"ListItem","position":1,"name":"Home","item":"https:\/\/rzrwatches.com\/es"},{"@type":"ListItem","position":2,"name":"RzR &#8211; La compa\u00f1ia"}]},{"@type":"WebSite","@id":"https:\/\/rzrwatches.com\/#website","url":"https:\/\/rzrwatches.com\/","name":"RzRWatches","description":"Carbon fiber watches. A new way of expression.","potentialAction":[{"@type":"SearchAction","target":{"@type":"EntryPoint","urlTemplate":"https:\/\/rzrwatches.com\/?s={search_term_string}"},"query-input":"required name=search_term_string"}],"inLanguage":"es"}]}},"_links":{"self":[{"href":"https:\/\/rzrwatches.com\/es\/wp-json\/wp\/v2\/pages\/443"}],"collection":[{"href":"https:\/\/rzrwatches.com\/es\/wp-json\/wp\/v2\/pages"}],"about":[{"href":"https:\/\/rzrwatches.com\/es\/wp-json\/wp\/v2\/types\/page"}],"author":[{"embeddable":true,"href":"https:\/\/rzrwatches.com\/es\/wp-json\/wp\/v2\/users\/1"}],"replies":[{"embeddable":true,"href":"https:\/\/rzrwatches.com\/es\/wp-json\/wp\/v2\/comments?post=443"}],"version-history":[{"count":4,"href":"https:\/\/rzrwatches.com\/es\/wp-json\/wp\/v2\/pages\/443\/revisions"}],"predecessor-version":[{"id":500,"href":"https:\/\/rzrwatches.com\/es\/wp-json\/wp\/v2\/pages\/443\/revisions\/500"}],"wp:attachment":[{"href":"https:\/\/rzrwatches.com\/es\/wp-json\/wp\/v2\/media?parent=443"}],"curies":[{"name":"wp","href":"https:\/\/api.w.org\/{rel}","templated":true}]}}